{"id":462,"date":"2021-04-21T16:37:18","date_gmt":"2021-04-21T14:37:18","guid":{"rendered":"https:\/\/www2.numlog.fr\/?page_id=462"},"modified":"2024-06-17T16:46:00","modified_gmt":"2024-06-17T14:46:00","slug":"integration-serveur-stockage","status":"publish","type":"page","link":"https:\/\/www.numlog.fr\/en\/heberger\/integration-serveur-stockage\/","title":{"rendered":"Int\u00e9gration serveur \/ stockage"},"content":{"rendered":"","protected":false},"excerpt":{"rendered":"","protected":false},"author":2,"featured_media":0,"parent":454,"menu_order":4,"comment_status":"closed","ping_status":"closed","template":"detail-solution.php","meta":{"_acf_changed":false,"inline_featured_image":false,"footnotes":""},"acf":[],"yoast_head":"<!-- This site is optimized with the Yoast SEO plugin v22.8 - https:\/\/yoast.com\/wordpress\/plugins\/seo\/ -->\n<title>Int\u00e9gration serveur \/ stockage - NUMLOG - Connectons vos donn\u00e9es<\/title>\n<meta name=\"description\" content=\"Besoin d\u2019un serveur s\u00e9curis\u00e9 pour stocker vos donn\u00e9es ? Numlog vous accompagne dans chacune des \u00e9tapes pour votre installation.\" \/>\n<meta name=\"robots\" content=\"index, follow, max-snippet:-1, max-image-preview:large, max-video-preview:-1\" \/>\n<link rel=\"canonical\" href=\"https:\/\/www.numlog.fr\/heberger\/integration-serveur-stockage\/\" \/>\n<meta property=\"og:locale\" content=\"en_US\" \/>\n<meta property=\"og:type\" content=\"article\" \/>\n<meta property=\"og:title\" content=\"Int\u00e9gration serveur \/ stockage - NUMLOG - Connectons vos donn\u00e9es\" \/>\n<meta property=\"og:description\" content=\"Besoin d\u2019un serveur s\u00e9curis\u00e9 pour stocker vos donn\u00e9es ? Numlog vous accompagne dans chacune des \u00e9tapes pour votre installation.\" \/>\n<meta property=\"og:url\" content=\"https:\/\/www.numlog.fr\/heberger\/integration-serveur-stockage\/\" \/>\n<meta property=\"og:site_name\" content=\"NUMLOG - Connectons vos donn\u00e9es\" \/>\n<meta property=\"article:modified_time\" content=\"2024-06-17T14:46:00+00:00\" \/>\n<meta name=\"twitter:card\" content=\"summary_large_image\" \/>\n<script type=\"application\/ld+json\" class=\"yoast-schema-graph\">{\"@context\":\"https:\/\/schema.org\",\"@graph\":[{\"@type\":\"WebPage\",\"@id\":\"https:\/\/www.numlog.fr\/heberger\/integration-serveur-stockage\/\",\"url\":\"https:\/\/www.numlog.fr\/heberger\/integration-serveur-stockage\/\",\"name\":\"Int\u00e9gration serveur \/ stockage - NUMLOG - Connectons vos donn\u00e9es\",\"isPartOf\":{\"@id\":\"https:\/\/www.numlog.fr\/#website\"},\"datePublished\":\"2021-04-21T14:37:18+00:00\",\"dateModified\":\"2024-06-17T14:46:00+00:00\",\"description\":\"Besoin d\u2019un serveur s\u00e9curis\u00e9 pour stocker vos donn\u00e9es ? Numlog vous accompagne dans chacune des \u00e9tapes pour votre installation.\",\"breadcrumb\":{\"@id\":\"https:\/\/www.numlog.fr\/heberger\/integration-serveur-stockage\/#breadcrumb\"},\"inLanguage\":\"en-US\",\"potentialAction\":[{\"@type\":\"ReadAction\",\"target\":[\"https:\/\/www.numlog.fr\/heberger\/integration-serveur-stockage\/\"]}]},{\"@type\":\"BreadcrumbList\",\"@id\":\"https:\/\/www.numlog.fr\/heberger\/integration-serveur-stockage\/#breadcrumb\",\"itemListElement\":[{\"@type\":\"ListItem\",\"position\":1,\"name\":\"Accueil\",\"item\":\"https:\/\/www.numlog.fr\/en\/\"},{\"@type\":\"ListItem\",\"position\":2,\"name\":\"H\u00e9berger\",\"item\":\"https:\/\/www.numlog.fr\/heberger\/\"},{\"@type\":\"ListItem\",\"position\":3,\"name\":\"Int\u00e9gration serveur \/ stockage\"}]},{\"@type\":\"WebSite\",\"@id\":\"https:\/\/www.numlog.fr\/#website\",\"url\":\"https:\/\/www.numlog.fr\/\",\"name\":\"NUMLOG - Connectons vos donn\u00e9es\",\"description\":\"Connectons vos donn\u00e9es\",\"publisher\":{\"@id\":\"https:\/\/www.numlog.fr\/#organization\"},\"potentialAction\":[{\"@type\":\"SearchAction\",\"target\":{\"@type\":\"EntryPoint\",\"urlTemplate\":\"https:\/\/www.numlog.fr\/?s={search_term_string}\"},\"query-input\":\"required name=search_term_string\"}],\"inLanguage\":\"en-US\"},{\"@type\":\"Organization\",\"@id\":\"https:\/\/www.numlog.fr\/#organization\",\"name\":\"NUMLOG - Connectons vos donn\u00e9es\",\"url\":\"https:\/\/www.numlog.fr\/\",\"logo\":{\"@type\":\"ImageObject\",\"inLanguage\":\"en-US\",\"@id\":\"https:\/\/www.numlog.fr\/#\/schema\/logo\/image\/\",\"url\":\"https:\/\/www.numlog.fr\/wp-content\/uploads\/2021\/04\/logo_main.svg\",\"contentUrl\":\"https:\/\/www.numlog.fr\/wp-content\/uploads\/2021\/04\/logo_main.svg\",\"width\":221,\"height\":55,\"caption\":\"NUMLOG - Connectons vos donn\u00e9es\"},\"image\":{\"@id\":\"https:\/\/www.numlog.fr\/#\/schema\/logo\/image\/\"},\"sameAs\":[\"https:\/\/www.linkedin.com\/company\/10993581\/admin\/feed\/posts\/\"]}]}<\/script>\n<!-- \/ Yoast SEO plugin. -->","yoast_head_json":{"title":"Int\u00e9gration serveur \/ stockage - NUMLOG - Connectons vos donn\u00e9es","description":"Besoin d\u2019un serveur s\u00e9curis\u00e9 pour stocker vos donn\u00e9es ? Numlog vous accompagne dans chacune des \u00e9tapes pour votre installation.","robots":{"index":"index","follow":"follow","max-snippet":"max-snippet:-1","max-image-preview":"max-image-preview:large","max-video-preview":"max-video-preview:-1"},"canonical":"https:\/\/www.numlog.fr\/heberger\/integration-serveur-stockage\/","og_locale":"en_US","og_type":"article","og_title":"Int\u00e9gration serveur \/ stockage - NUMLOG - Connectons vos donn\u00e9es","og_description":"Besoin d\u2019un serveur s\u00e9curis\u00e9 pour stocker vos donn\u00e9es ? Numlog vous accompagne dans chacune des \u00e9tapes pour votre installation.","og_url":"https:\/\/www.numlog.fr\/heberger\/integration-serveur-stockage\/","og_site_name":"NUMLOG - Connectons vos donn\u00e9es","article_modified_time":"2024-06-17T14:46:00+00:00","twitter_card":"summary_large_image","schema":{"@context":"https:\/\/schema.org","@graph":[{"@type":"WebPage","@id":"https:\/\/www.numlog.fr\/heberger\/integration-serveur-stockage\/","url":"https:\/\/www.numlog.fr\/heberger\/integration-serveur-stockage\/","name":"Int\u00e9gration serveur \/ stockage - NUMLOG - Connectons vos donn\u00e9es","isPartOf":{"@id":"https:\/\/www.numlog.fr\/#website"},"datePublished":"2021-04-21T14:37:18+00:00","dateModified":"2024-06-17T14:46:00+00:00","description":"Besoin d\u2019un serveur s\u00e9curis\u00e9 pour stocker vos donn\u00e9es ? Numlog vous accompagne dans chacune des \u00e9tapes pour votre installation.","breadcrumb":{"@id":"https:\/\/www.numlog.fr\/heberger\/integration-serveur-stockage\/#breadcrumb"},"inLanguage":"en-US","potentialAction":[{"@type":"ReadAction","target":["https:\/\/www.numlog.fr\/heberger\/integration-serveur-stockage\/"]}]},{"@type":"BreadcrumbList","@id":"https:\/\/www.numlog.fr\/heberger\/integration-serveur-stockage\/#breadcrumb","itemListElement":[{"@type":"ListItem","position":1,"name":"Accueil","item":"https:\/\/www.numlog.fr\/en\/"},{"@type":"ListItem","position":2,"name":"H\u00e9berger","item":"https:\/\/www.numlog.fr\/heberger\/"},{"@type":"ListItem","position":3,"name":"Int\u00e9gration serveur \/ stockage"}]},{"@type":"WebSite","@id":"https:\/\/www.numlog.fr\/#website","url":"https:\/\/www.numlog.fr\/","name":"NUMLOG - Connectons vos donn\u00e9es","description":"Connectons vos donn\u00e9es","publisher":{"@id":"https:\/\/www.numlog.fr\/#organization"},"potentialAction":[{"@type":"SearchAction","target":{"@type":"EntryPoint","urlTemplate":"https:\/\/www.numlog.fr\/?s={search_term_string}"},"query-input":"required name=search_term_string"}],"inLanguage":"en-US"},{"@type":"Organization","@id":"https:\/\/www.numlog.fr\/#organization","name":"NUMLOG - Connectons vos donn\u00e9es","url":"https:\/\/www.numlog.fr\/","logo":{"@type":"ImageObject","inLanguage":"en-US","@id":"https:\/\/www.numlog.fr\/#\/schema\/logo\/image\/","url":"https:\/\/www.numlog.fr\/wp-content\/uploads\/2021\/04\/logo_main.svg","contentUrl":"https:\/\/www.numlog.fr\/wp-content\/uploads\/2021\/04\/logo_main.svg","width":221,"height":55,"caption":"NUMLOG - Connectons vos donn\u00e9es"},"image":{"@id":"https:\/\/www.numlog.fr\/#\/schema\/logo\/image\/"},"sameAs":["https:\/\/www.linkedin.com\/company\/10993581\/admin\/feed\/posts\/"]}]}},"_links":{"self":[{"href":"https:\/\/www.numlog.fr\/en\/wp-json\/wp\/v2\/pages\/462"}],"collection":[{"href":"https:\/\/www.numlog.fr\/en\/wp-json\/wp\/v2\/pages"}],"about":[{"href":"https:\/\/www.numlog.fr\/en\/wp-json\/wp\/v2\/types\/page"}],"author":[{"embeddable":true,"href":"https:\/\/www.numlog.fr\/en\/wp-json\/wp\/v2\/users\/2"}],"replies":[{"embeddable":true,"href":"https:\/\/www.numlog.fr\/en\/wp-json\/wp\/v2\/comments?post=462"}],"version-history":[{"count":20,"href":"https:\/\/www.numlog.fr\/en\/wp-json\/wp\/v2\/pages\/462\/revisions"}],"predecessor-version":[{"id":5372,"href":"https:\/\/www.numlog.fr\/en\/wp-json\/wp\/v2\/pages\/462\/revisions\/5372"}],"up":[{"embeddable":true,"href":"https:\/\/www.numlog.fr\/en\/wp-json\/wp\/v2\/pages\/454"}],"wp:attachment":[{"href":"https:\/\/www.numlog.fr\/en\/wp-json\/wp\/v2\/media?parent=462"}],"curies":[{"name":"wp","href":"https:\/\/api.w.org\/{rel}","templated":true}]}}