{"id":436,"date":"2021-04-21T16:26:27","date_gmt":"2021-04-21T14:26:27","guid":{"rendered":"https:\/\/www2.numlog.fr\/?page_id=436"},"modified":"2024-06-12T17:12:23","modified_gmt":"2024-06-12T15:12:23","slug":"reseau-wan","status":"publish","type":"page","link":"https:\/\/www.numlog.fr\/en\/interconnecter\/reseau-wan\/","title":{"rendered":"R\u00e9seau WAN"},"content":{"rendered":"","protected":false},"excerpt":{"rendered":"","protected":false},"author":2,"featured_media":0,"parent":422,"menu_order":2,"comment_status":"closed","ping_status":"closed","template":"detail-solution.php","meta":{"_acf_changed":false,"inline_featured_image":false,"footnotes":""},"acf":[],"yoast_head":"<!-- This site is optimized with the Yoast SEO plugin v22.8 - https:\/\/yoast.com\/wordpress\/plugins\/seo\/ -->\n<title>R\u00e9seau WAN - NUMLOG - Connectons vos donn\u00e9es<\/title>\n<meta name=\"description\" content=\"D\u00e9couvrez nos solutions WAN pour votre entreprise. Nos experts vous accompagnent pour r\u00e9pondre \u00e0 tous vos besoins en mati\u00e8re de r\u00e9seau.\" \/>\n<meta name=\"robots\" content=\"index, follow, max-snippet:-1, max-image-preview:large, max-video-preview:-1\" \/>\n<link rel=\"canonical\" href=\"https:\/\/www.numlog.fr\/interconnecter\/reseau-wan\/\" \/>\n<meta property=\"og:locale\" content=\"en_US\" \/>\n<meta property=\"og:type\" content=\"article\" \/>\n<meta property=\"og:title\" content=\"R\u00e9seau WAN - NUMLOG - Connectons vos donn\u00e9es\" \/>\n<meta property=\"og:description\" content=\"D\u00e9couvrez nos solutions WAN pour votre entreprise. Nos experts vous accompagnent pour r\u00e9pondre \u00e0 tous vos besoins en mati\u00e8re de r\u00e9seau.\" \/>\n<meta property=\"og:url\" content=\"https:\/\/www.numlog.fr\/interconnecter\/reseau-wan\/\" \/>\n<meta property=\"og:site_name\" content=\"NUMLOG - Connectons vos donn\u00e9es\" \/>\n<meta property=\"article:modified_time\" content=\"2024-06-12T15:12:23+00:00\" \/>\n<meta name=\"twitter:card\" content=\"summary_large_image\" \/>\n<script type=\"application\/ld+json\" class=\"yoast-schema-graph\">{\"@context\":\"https:\/\/schema.org\",\"@graph\":[{\"@type\":\"WebPage\",\"@id\":\"https:\/\/www.numlog.fr\/interconnecter\/reseau-wan\/\",\"url\":\"https:\/\/www.numlog.fr\/interconnecter\/reseau-wan\/\",\"name\":\"R\u00e9seau WAN - NUMLOG - Connectons vos donn\u00e9es\",\"isPartOf\":{\"@id\":\"https:\/\/www.numlog.fr\/#website\"},\"datePublished\":\"2021-04-21T14:26:27+00:00\",\"dateModified\":\"2024-06-12T15:12:23+00:00\",\"description\":\"D\u00e9couvrez nos solutions WAN pour votre entreprise. Nos experts vous accompagnent pour r\u00e9pondre \u00e0 tous vos besoins en mati\u00e8re de r\u00e9seau.\",\"breadcrumb\":{\"@id\":\"https:\/\/www.numlog.fr\/interconnecter\/reseau-wan\/#breadcrumb\"},\"inLanguage\":\"en-US\",\"potentialAction\":[{\"@type\":\"ReadAction\",\"target\":[\"https:\/\/www.numlog.fr\/interconnecter\/reseau-wan\/\"]}]},{\"@type\":\"BreadcrumbList\",\"@id\":\"https:\/\/www.numlog.fr\/interconnecter\/reseau-wan\/#breadcrumb\",\"itemListElement\":[{\"@type\":\"ListItem\",\"position\":1,\"name\":\"Accueil\",\"item\":\"https:\/\/www.numlog.fr\/en\/\"},{\"@type\":\"ListItem\",\"position\":2,\"name\":\"Interconnecter\",\"item\":\"https:\/\/www.numlog.fr\/interconnecter\/\"},{\"@type\":\"ListItem\",\"position\":3,\"name\":\"R\u00e9seau WAN\"}]},{\"@type\":\"WebSite\",\"@id\":\"https:\/\/www.numlog.fr\/#website\",\"url\":\"https:\/\/www.numlog.fr\/\",\"name\":\"NUMLOG - Connectons vos donn\u00e9es\",\"description\":\"Connectons vos donn\u00e9es\",\"publisher\":{\"@id\":\"https:\/\/www.numlog.fr\/#organization\"},\"potentialAction\":[{\"@type\":\"SearchAction\",\"target\":{\"@type\":\"EntryPoint\",\"urlTemplate\":\"https:\/\/www.numlog.fr\/?s={search_term_string}\"},\"query-input\":\"required name=search_term_string\"}],\"inLanguage\":\"en-US\"},{\"@type\":\"Organization\",\"@id\":\"https:\/\/www.numlog.fr\/#organization\",\"name\":\"NUMLOG - Connectons vos donn\u00e9es\",\"url\":\"https:\/\/www.numlog.fr\/\",\"logo\":{\"@type\":\"ImageObject\",\"inLanguage\":\"en-US\",\"@id\":\"https:\/\/www.numlog.fr\/#\/schema\/logo\/image\/\",\"url\":\"https:\/\/www.numlog.fr\/wp-content\/uploads\/2021\/04\/logo_main.svg\",\"contentUrl\":\"https:\/\/www.numlog.fr\/wp-content\/uploads\/2021\/04\/logo_main.svg\",\"width\":221,\"height\":55,\"caption\":\"NUMLOG - Connectons vos donn\u00e9es\"},\"image\":{\"@id\":\"https:\/\/www.numlog.fr\/#\/schema\/logo\/image\/\"},\"sameAs\":[\"https:\/\/www.linkedin.com\/company\/10993581\/admin\/feed\/posts\/\"]}]}<\/script>\n<!-- \/ Yoast SEO plugin. -->","yoast_head_json":{"title":"R\u00e9seau WAN - NUMLOG - Connectons vos donn\u00e9es","description":"D\u00e9couvrez nos solutions WAN pour votre entreprise. Nos experts vous accompagnent pour r\u00e9pondre \u00e0 tous vos besoins en mati\u00e8re de r\u00e9seau.","robots":{"index":"index","follow":"follow","max-snippet":"max-snippet:-1","max-image-preview":"max-image-preview:large","max-video-preview":"max-video-preview:-1"},"canonical":"https:\/\/www.numlog.fr\/interconnecter\/reseau-wan\/","og_locale":"en_US","og_type":"article","og_title":"R\u00e9seau WAN - NUMLOG - Connectons vos donn\u00e9es","og_description":"D\u00e9couvrez nos solutions WAN pour votre entreprise. Nos experts vous accompagnent pour r\u00e9pondre \u00e0 tous vos besoins en mati\u00e8re de r\u00e9seau.","og_url":"https:\/\/www.numlog.fr\/interconnecter\/reseau-wan\/","og_site_name":"NUMLOG - Connectons vos donn\u00e9es","article_modified_time":"2024-06-12T15:12:23+00:00","twitter_card":"summary_large_image","schema":{"@context":"https:\/\/schema.org","@graph":[{"@type":"WebPage","@id":"https:\/\/www.numlog.fr\/interconnecter\/reseau-wan\/","url":"https:\/\/www.numlog.fr\/interconnecter\/reseau-wan\/","name":"R\u00e9seau WAN - NUMLOG - Connectons vos donn\u00e9es","isPartOf":{"@id":"https:\/\/www.numlog.fr\/#website"},"datePublished":"2021-04-21T14:26:27+00:00","dateModified":"2024-06-12T15:12:23+00:00","description":"D\u00e9couvrez nos solutions WAN pour votre entreprise. Nos experts vous accompagnent pour r\u00e9pondre \u00e0 tous vos besoins en mati\u00e8re de r\u00e9seau.","breadcrumb":{"@id":"https:\/\/www.numlog.fr\/interconnecter\/reseau-wan\/#breadcrumb"},"inLanguage":"en-US","potentialAction":[{"@type":"ReadAction","target":["https:\/\/www.numlog.fr\/interconnecter\/reseau-wan\/"]}]},{"@type":"BreadcrumbList","@id":"https:\/\/www.numlog.fr\/interconnecter\/reseau-wan\/#breadcrumb","itemListElement":[{"@type":"ListItem","position":1,"name":"Accueil","item":"https:\/\/www.numlog.fr\/en\/"},{"@type":"ListItem","position":2,"name":"Interconnecter","item":"https:\/\/www.numlog.fr\/interconnecter\/"},{"@type":"ListItem","position":3,"name":"R\u00e9seau WAN"}]},{"@type":"WebSite","@id":"https:\/\/www.numlog.fr\/#website","url":"https:\/\/www.numlog.fr\/","name":"NUMLOG - Connectons vos donn\u00e9es","description":"Connectons vos donn\u00e9es","publisher":{"@id":"https:\/\/www.numlog.fr\/#organization"},"potentialAction":[{"@type":"SearchAction","target":{"@type":"EntryPoint","urlTemplate":"https:\/\/www.numlog.fr\/?s={search_term_string}"},"query-input":"required name=search_term_string"}],"inLanguage":"en-US"},{"@type":"Organization","@id":"https:\/\/www.numlog.fr\/#organization","name":"NUMLOG - Connectons vos donn\u00e9es","url":"https:\/\/www.numlog.fr\/","logo":{"@type":"ImageObject","inLanguage":"en-US","@id":"https:\/\/www.numlog.fr\/#\/schema\/logo\/image\/","url":"https:\/\/www.numlog.fr\/wp-content\/uploads\/2021\/04\/logo_main.svg","contentUrl":"https:\/\/www.numlog.fr\/wp-content\/uploads\/2021\/04\/logo_main.svg","width":221,"height":55,"caption":"NUMLOG - Connectons vos donn\u00e9es"},"image":{"@id":"https:\/\/www.numlog.fr\/#\/schema\/logo\/image\/"},"sameAs":["https:\/\/www.linkedin.com\/company\/10993581\/admin\/feed\/posts\/"]}]}},"_links":{"self":[{"href":"https:\/\/www.numlog.fr\/en\/wp-json\/wp\/v2\/pages\/436"}],"collection":[{"href":"https:\/\/www.numlog.fr\/en\/wp-json\/wp\/v2\/pages"}],"about":[{"href":"https:\/\/www.numlog.fr\/en\/wp-json\/wp\/v2\/types\/page"}],"author":[{"embeddable":true,"href":"https:\/\/www.numlog.fr\/en\/wp-json\/wp\/v2\/users\/2"}],"replies":[{"embeddable":true,"href":"https:\/\/www.numlog.fr\/en\/wp-json\/wp\/v2\/comments?post=436"}],"version-history":[{"count":25,"href":"https:\/\/www.numlog.fr\/en\/wp-json\/wp\/v2\/pages\/436\/revisions"}],"predecessor-version":[{"id":5375,"href":"https:\/\/www.numlog.fr\/en\/wp-json\/wp\/v2\/pages\/436\/revisions\/5375"}],"up":[{"embeddable":true,"href":"https:\/\/www.numlog.fr\/en\/wp-json\/wp\/v2\/pages\/422"}],"wp:attachment":[{"href":"https:\/\/www.numlog.fr\/en\/wp-json\/wp\/v2\/media?parent=436"}],"curies":[{"name":"wp","href":"https:\/\/api.w.org\/{rel}","templated":true}]}}