{"id":429,"date":"2021-04-21T16:23:29","date_gmt":"2021-04-21T14:23:29","guid":{"rendered":"https:\/\/www2.numlog.fr\/?page_id=429"},"modified":"2024-05-21T09:42:14","modified_gmt":"2024-05-21T07:42:14","slug":"edti","status":"publish","type":"page","link":"https:\/\/www.numlog.fr\/en\/echanger\/edti\/","title":{"rendered":"EDTI : \u00c9change de donn\u00e9es techniques"},"content":{"rendered":"","protected":false},"excerpt":{"rendered":"","protected":false},"author":2,"featured_media":0,"parent":234,"menu_order":2,"comment_status":"closed","ping_status":"closed","template":"detail-solution.php","meta":{"_acf_changed":false,"inline_featured_image":false,"footnotes":""},"acf":[],"yoast_head":"<!-- This site is optimized with the Yoast SEO plugin v22.8 - https:\/\/yoast.com\/wordpress\/plugins\/seo\/ -->\n<title>EDTI : \u00c9change de donn\u00e9es techniques - NUMLOG - Connectons vos donn\u00e9es<\/title>\n<meta name=\"description\" content=\"Optimisez vos \u00e9changes B2B avec nos services EDTI. D\u00e9mat\u00e9rialisation, tra\u00e7abilit\u00e9, automatisation des flux pour une supply chain performante.\" \/>\n<meta name=\"robots\" content=\"index, follow, max-snippet:-1, max-image-preview:large, max-video-preview:-1\" \/>\n<link rel=\"canonical\" href=\"https:\/\/www.numlog.fr\/echanger\/edti\/\" \/>\n<meta property=\"og:locale\" content=\"en_US\" \/>\n<meta property=\"og:type\" content=\"article\" \/>\n<meta property=\"og:title\" content=\"EDTI : \u00c9change de donn\u00e9es techniques - NUMLOG - Connectons vos donn\u00e9es\" \/>\n<meta property=\"og:description\" content=\"Optimisez vos \u00e9changes B2B avec nos services EDTI. D\u00e9mat\u00e9rialisation, tra\u00e7abilit\u00e9, automatisation des flux pour une supply chain performante.\" \/>\n<meta property=\"og:url\" content=\"https:\/\/www.numlog.fr\/echanger\/edti\/\" \/>\n<meta property=\"og:site_name\" content=\"NUMLOG - Connectons vos donn\u00e9es\" \/>\n<meta property=\"article:modified_time\" content=\"2024-05-21T07:42:14+00:00\" \/>\n<meta name=\"twitter:card\" content=\"summary_large_image\" \/>\n<script type=\"application\/ld+json\" class=\"yoast-schema-graph\">{\"@context\":\"https:\/\/schema.org\",\"@graph\":[{\"@type\":\"WebPage\",\"@id\":\"https:\/\/www.numlog.fr\/echanger\/edti\/\",\"url\":\"https:\/\/www.numlog.fr\/echanger\/edti\/\",\"name\":\"EDTI : \u00c9change de donn\u00e9es techniques - NUMLOG - Connectons vos donn\u00e9es\",\"isPartOf\":{\"@id\":\"https:\/\/www.numlog.fr\/#website\"},\"datePublished\":\"2021-04-21T14:23:29+00:00\",\"dateModified\":\"2024-05-21T07:42:14+00:00\",\"description\":\"Optimisez vos \u00e9changes B2B avec nos services EDTI. D\u00e9mat\u00e9rialisation, tra\u00e7abilit\u00e9, automatisation des flux pour une supply chain performante.\",\"breadcrumb\":{\"@id\":\"https:\/\/www.numlog.fr\/echanger\/edti\/#breadcrumb\"},\"inLanguage\":\"en-US\",\"potentialAction\":[{\"@type\":\"ReadAction\",\"target\":[\"https:\/\/www.numlog.fr\/echanger\/edti\/\"]}]},{\"@type\":\"BreadcrumbList\",\"@id\":\"https:\/\/www.numlog.fr\/echanger\/edti\/#breadcrumb\",\"itemListElement\":[{\"@type\":\"ListItem\",\"position\":1,\"name\":\"Accueil\",\"item\":\"https:\/\/www.numlog.fr\/en\/\"},{\"@type\":\"ListItem\",\"position\":2,\"name\":\"\u00c9changer\",\"item\":\"https:\/\/www.numlog.fr\/echanger\/\"},{\"@type\":\"ListItem\",\"position\":3,\"name\":\"EDTI : \u00c9change de donn\u00e9es techniques\"}]},{\"@type\":\"WebSite\",\"@id\":\"https:\/\/www.numlog.fr\/#website\",\"url\":\"https:\/\/www.numlog.fr\/\",\"name\":\"NUMLOG - Connectons vos donn\u00e9es\",\"description\":\"Connectons vos donn\u00e9es\",\"publisher\":{\"@id\":\"https:\/\/www.numlog.fr\/#organization\"},\"potentialAction\":[{\"@type\":\"SearchAction\",\"target\":{\"@type\":\"EntryPoint\",\"urlTemplate\":\"https:\/\/www.numlog.fr\/?s={search_term_string}\"},\"query-input\":\"required name=search_term_string\"}],\"inLanguage\":\"en-US\"},{\"@type\":\"Organization\",\"@id\":\"https:\/\/www.numlog.fr\/#organization\",\"name\":\"NUMLOG - Connectons vos donn\u00e9es\",\"url\":\"https:\/\/www.numlog.fr\/\",\"logo\":{\"@type\":\"ImageObject\",\"inLanguage\":\"en-US\",\"@id\":\"https:\/\/www.numlog.fr\/#\/schema\/logo\/image\/\",\"url\":\"https:\/\/www.numlog.fr\/wp-content\/uploads\/2021\/04\/logo_main.svg\",\"contentUrl\":\"https:\/\/www.numlog.fr\/wp-content\/uploads\/2021\/04\/logo_main.svg\",\"width\":221,\"height\":55,\"caption\":\"NUMLOG - Connectons vos donn\u00e9es\"},\"image\":{\"@id\":\"https:\/\/www.numlog.fr\/#\/schema\/logo\/image\/\"},\"sameAs\":[\"https:\/\/www.linkedin.com\/company\/10993581\/admin\/feed\/posts\/\"]}]}<\/script>\n<!-- \/ Yoast SEO plugin. -->","yoast_head_json":{"title":"EDTI : \u00c9change de donn\u00e9es techniques - NUMLOG - Connectons vos donn\u00e9es","description":"Optimisez vos \u00e9changes B2B avec nos services EDTI. D\u00e9mat\u00e9rialisation, tra\u00e7abilit\u00e9, automatisation des flux pour une supply chain performante.","robots":{"index":"index","follow":"follow","max-snippet":"max-snippet:-1","max-image-preview":"max-image-preview:large","max-video-preview":"max-video-preview:-1"},"canonical":"https:\/\/www.numlog.fr\/echanger\/edti\/","og_locale":"en_US","og_type":"article","og_title":"EDTI : \u00c9change de donn\u00e9es techniques - NUMLOG - Connectons vos donn\u00e9es","og_description":"Optimisez vos \u00e9changes B2B avec nos services EDTI. D\u00e9mat\u00e9rialisation, tra\u00e7abilit\u00e9, automatisation des flux pour une supply chain performante.","og_url":"https:\/\/www.numlog.fr\/echanger\/edti\/","og_site_name":"NUMLOG - Connectons vos donn\u00e9es","article_modified_time":"2024-05-21T07:42:14+00:00","twitter_card":"summary_large_image","schema":{"@context":"https:\/\/schema.org","@graph":[{"@type":"WebPage","@id":"https:\/\/www.numlog.fr\/echanger\/edti\/","url":"https:\/\/www.numlog.fr\/echanger\/edti\/","name":"EDTI : \u00c9change de donn\u00e9es techniques - NUMLOG - Connectons vos donn\u00e9es","isPartOf":{"@id":"https:\/\/www.numlog.fr\/#website"},"datePublished":"2021-04-21T14:23:29+00:00","dateModified":"2024-05-21T07:42:14+00:00","description":"Optimisez vos \u00e9changes B2B avec nos services EDTI. D\u00e9mat\u00e9rialisation, tra\u00e7abilit\u00e9, automatisation des flux pour une supply chain performante.","breadcrumb":{"@id":"https:\/\/www.numlog.fr\/echanger\/edti\/#breadcrumb"},"inLanguage":"en-US","potentialAction":[{"@type":"ReadAction","target":["https:\/\/www.numlog.fr\/echanger\/edti\/"]}]},{"@type":"BreadcrumbList","@id":"https:\/\/www.numlog.fr\/echanger\/edti\/#breadcrumb","itemListElement":[{"@type":"ListItem","position":1,"name":"Accueil","item":"https:\/\/www.numlog.fr\/en\/"},{"@type":"ListItem","position":2,"name":"\u00c9changer","item":"https:\/\/www.numlog.fr\/echanger\/"},{"@type":"ListItem","position":3,"name":"EDTI : \u00c9change de donn\u00e9es techniques"}]},{"@type":"WebSite","@id":"https:\/\/www.numlog.fr\/#website","url":"https:\/\/www.numlog.fr\/","name":"NUMLOG - Connectons vos donn\u00e9es","description":"Connectons vos donn\u00e9es","publisher":{"@id":"https:\/\/www.numlog.fr\/#organization"},"potentialAction":[{"@type":"SearchAction","target":{"@type":"EntryPoint","urlTemplate":"https:\/\/www.numlog.fr\/?s={search_term_string}"},"query-input":"required name=search_term_string"}],"inLanguage":"en-US"},{"@type":"Organization","@id":"https:\/\/www.numlog.fr\/#organization","name":"NUMLOG - Connectons vos donn\u00e9es","url":"https:\/\/www.numlog.fr\/","logo":{"@type":"ImageObject","inLanguage":"en-US","@id":"https:\/\/www.numlog.fr\/#\/schema\/logo\/image\/","url":"https:\/\/www.numlog.fr\/wp-content\/uploads\/2021\/04\/logo_main.svg","contentUrl":"https:\/\/www.numlog.fr\/wp-content\/uploads\/2021\/04\/logo_main.svg","width":221,"height":55,"caption":"NUMLOG - Connectons vos donn\u00e9es"},"image":{"@id":"https:\/\/www.numlog.fr\/#\/schema\/logo\/image\/"},"sameAs":["https:\/\/www.linkedin.com\/company\/10993581\/admin\/feed\/posts\/"]}]}},"_links":{"self":[{"href":"https:\/\/www.numlog.fr\/en\/wp-json\/wp\/v2\/pages\/429"}],"collection":[{"href":"https:\/\/www.numlog.fr\/en\/wp-json\/wp\/v2\/pages"}],"about":[{"href":"https:\/\/www.numlog.fr\/en\/wp-json\/wp\/v2\/types\/page"}],"author":[{"embeddable":true,"href":"https:\/\/www.numlog.fr\/en\/wp-json\/wp\/v2\/users\/2"}],"replies":[{"embeddable":true,"href":"https:\/\/www.numlog.fr\/en\/wp-json\/wp\/v2\/comments?post=429"}],"version-history":[{"count":28,"href":"https:\/\/www.numlog.fr\/en\/wp-json\/wp\/v2\/pages\/429\/revisions"}],"predecessor-version":[{"id":5367,"href":"https:\/\/www.numlog.fr\/en\/wp-json\/wp\/v2\/pages\/429\/revisions\/5367"}],"up":[{"embeddable":true,"href":"https:\/\/www.numlog.fr\/en\/wp-json\/wp\/v2\/pages\/234"}],"wp:attachment":[{"href":"https:\/\/www.numlog.fr\/en\/wp-json\/wp\/v2\/media?parent=429"}],"curies":[{"name":"wp","href":"https:\/\/api.w.org\/{rel}","templated":true}]}}