{"id":234,"date":"2021-04-20T14:20:42","date_gmt":"2021-04-20T12:20:42","guid":{"rendered":"https:\/\/www2.numlog.fr\/?page_id=234"},"modified":"2024-05-21T11:19:03","modified_gmt":"2024-05-21T09:19:03","slug":"echanger","status":"publish","type":"page","link":"https:\/\/www.numlog.fr\/en\/echanger\/","title":{"rendered":"\u00c9changer"},"content":{"rendered":"","protected":false},"excerpt":{"rendered":"","protected":false},"author":1,"featured_media":0,"parent":0,"menu_order":0,"comment_status":"closed","ping_status":"closed","template":"solution-liste.php","meta":{"_acf_changed":false,"inline_featured_image":false,"footnotes":""},"acf":[],"yoast_head":"<!-- This site is optimized with the Yoast SEO plugin v22.8 - https:\/\/yoast.com\/wordpress\/plugins\/seo\/ -->\n<title>\u00c9changer - NUMLOG - Connectons vos donn\u00e9es<\/title>\n<meta name=\"description\" content=\"\u00c9changez vos donn\u00e9es avec Numlog : d\u00e9couvrez nos solutions d\u2019\u00e9change de donn\u00e9es informatis\u00e9es (EDI) et techniques (EDTI) pour le secteur B2B.\" \/>\n<meta name=\"robots\" content=\"index, follow, max-snippet:-1, max-image-preview:large, max-video-preview:-1\" \/>\n<link rel=\"canonical\" href=\"https:\/\/www.numlog.fr\/echanger\/\" \/>\n<meta property=\"og:locale\" content=\"en_US\" \/>\n<meta property=\"og:type\" content=\"article\" \/>\n<meta property=\"og:title\" content=\"\u00c9changer - NUMLOG - Connectons vos donn\u00e9es\" \/>\n<meta property=\"og:description\" content=\"\u00c9changez vos donn\u00e9es avec Numlog : d\u00e9couvrez nos solutions d\u2019\u00e9change de donn\u00e9es informatis\u00e9es (EDI) et techniques (EDTI) pour le secteur B2B.\" \/>\n<meta property=\"og:url\" content=\"https:\/\/www.numlog.fr\/echanger\/\" \/>\n<meta property=\"og:site_name\" content=\"NUMLOG - Connectons vos donn\u00e9es\" \/>\n<meta property=\"article:modified_time\" content=\"2024-05-21T09:19:03+00:00\" \/>\n<meta name=\"twitter:card\" content=\"summary_large_image\" \/>\n<script type=\"application\/ld+json\" class=\"yoast-schema-graph\">{\"@context\":\"https:\/\/schema.org\",\"@graph\":[{\"@type\":\"WebPage\",\"@id\":\"https:\/\/www.numlog.fr\/echanger\/\",\"url\":\"https:\/\/www.numlog.fr\/echanger\/\",\"name\":\"\u00c9changer - NUMLOG - Connectons vos donn\u00e9es\",\"isPartOf\":{\"@id\":\"https:\/\/www.numlog.fr\/#website\"},\"datePublished\":\"2021-04-20T12:20:42+00:00\",\"dateModified\":\"2024-05-21T09:19:03+00:00\",\"description\":\"\u00c9changez vos donn\u00e9es avec Numlog : d\u00e9couvrez nos solutions d\u2019\u00e9change de donn\u00e9es informatis\u00e9es (EDI) et techniques (EDTI) pour le secteur B2B.\",\"breadcrumb\":{\"@id\":\"https:\/\/www.numlog.fr\/echanger\/#breadcrumb\"},\"inLanguage\":\"en-US\",\"potentialAction\":[{\"@type\":\"ReadAction\",\"target\":[\"https:\/\/www.numlog.fr\/echanger\/\"]}]},{\"@type\":\"BreadcrumbList\",\"@id\":\"https:\/\/www.numlog.fr\/echanger\/#breadcrumb\",\"itemListElement\":[{\"@type\":\"ListItem\",\"position\":1,\"name\":\"Accueil\",\"item\":\"https:\/\/www.numlog.fr\/en\/\"},{\"@type\":\"ListItem\",\"position\":2,\"name\":\"\u00c9changer\"}]},{\"@type\":\"WebSite\",\"@id\":\"https:\/\/www.numlog.fr\/#website\",\"url\":\"https:\/\/www.numlog.fr\/\",\"name\":\"NUMLOG - Connectons vos donn\u00e9es\",\"description\":\"Connectons vos donn\u00e9es\",\"publisher\":{\"@id\":\"https:\/\/www.numlog.fr\/#organization\"},\"potentialAction\":[{\"@type\":\"SearchAction\",\"target\":{\"@type\":\"EntryPoint\",\"urlTemplate\":\"https:\/\/www.numlog.fr\/?s={search_term_string}\"},\"query-input\":\"required name=search_term_string\"}],\"inLanguage\":\"en-US\"},{\"@type\":\"Organization\",\"@id\":\"https:\/\/www.numlog.fr\/#organization\",\"name\":\"NUMLOG - Connectons vos donn\u00e9es\",\"url\":\"https:\/\/www.numlog.fr\/\",\"logo\":{\"@type\":\"ImageObject\",\"inLanguage\":\"en-US\",\"@id\":\"https:\/\/www.numlog.fr\/#\/schema\/logo\/image\/\",\"url\":\"https:\/\/www.numlog.fr\/wp-content\/uploads\/2021\/04\/logo_main.svg\",\"contentUrl\":\"https:\/\/www.numlog.fr\/wp-content\/uploads\/2021\/04\/logo_main.svg\",\"width\":221,\"height\":55,\"caption\":\"NUMLOG - Connectons vos donn\u00e9es\"},\"image\":{\"@id\":\"https:\/\/www.numlog.fr\/#\/schema\/logo\/image\/\"},\"sameAs\":[\"https:\/\/www.linkedin.com\/company\/10993581\/admin\/feed\/posts\/\"]}]}<\/script>\n<!-- \/ Yoast SEO plugin. -->","yoast_head_json":{"title":"\u00c9changer - NUMLOG - Connectons vos donn\u00e9es","description":"\u00c9changez vos donn\u00e9es avec Numlog : d\u00e9couvrez nos solutions d\u2019\u00e9change de donn\u00e9es informatis\u00e9es (EDI) et techniques (EDTI) pour le secteur B2B.","robots":{"index":"index","follow":"follow","max-snippet":"max-snippet:-1","max-image-preview":"max-image-preview:large","max-video-preview":"max-video-preview:-1"},"canonical":"https:\/\/www.numlog.fr\/echanger\/","og_locale":"en_US","og_type":"article","og_title":"\u00c9changer - NUMLOG - Connectons vos donn\u00e9es","og_description":"\u00c9changez vos donn\u00e9es avec Numlog : d\u00e9couvrez nos solutions d\u2019\u00e9change de donn\u00e9es informatis\u00e9es (EDI) et techniques (EDTI) pour le secteur B2B.","og_url":"https:\/\/www.numlog.fr\/echanger\/","og_site_name":"NUMLOG - Connectons vos donn\u00e9es","article_modified_time":"2024-05-21T09:19:03+00:00","twitter_card":"summary_large_image","schema":{"@context":"https:\/\/schema.org","@graph":[{"@type":"WebPage","@id":"https:\/\/www.numlog.fr\/echanger\/","url":"https:\/\/www.numlog.fr\/echanger\/","name":"\u00c9changer - NUMLOG - Connectons vos donn\u00e9es","isPartOf":{"@id":"https:\/\/www.numlog.fr\/#website"},"datePublished":"2021-04-20T12:20:42+00:00","dateModified":"2024-05-21T09:19:03+00:00","description":"\u00c9changez vos donn\u00e9es avec Numlog : d\u00e9couvrez nos solutions d\u2019\u00e9change de donn\u00e9es informatis\u00e9es (EDI) et techniques (EDTI) pour le secteur B2B.","breadcrumb":{"@id":"https:\/\/www.numlog.fr\/echanger\/#breadcrumb"},"inLanguage":"en-US","potentialAction":[{"@type":"ReadAction","target":["https:\/\/www.numlog.fr\/echanger\/"]}]},{"@type":"BreadcrumbList","@id":"https:\/\/www.numlog.fr\/echanger\/#breadcrumb","itemListElement":[{"@type":"ListItem","position":1,"name":"Accueil","item":"https:\/\/www.numlog.fr\/en\/"},{"@type":"ListItem","position":2,"name":"\u00c9changer"}]},{"@type":"WebSite","@id":"https:\/\/www.numlog.fr\/#website","url":"https:\/\/www.numlog.fr\/","name":"NUMLOG - Connectons vos donn\u00e9es","description":"Connectons vos donn\u00e9es","publisher":{"@id":"https:\/\/www.numlog.fr\/#organization"},"potentialAction":[{"@type":"SearchAction","target":{"@type":"EntryPoint","urlTemplate":"https:\/\/www.numlog.fr\/?s={search_term_string}"},"query-input":"required name=search_term_string"}],"inLanguage":"en-US"},{"@type":"Organization","@id":"https:\/\/www.numlog.fr\/#organization","name":"NUMLOG - Connectons vos donn\u00e9es","url":"https:\/\/www.numlog.fr\/","logo":{"@type":"ImageObject","inLanguage":"en-US","@id":"https:\/\/www.numlog.fr\/#\/schema\/logo\/image\/","url":"https:\/\/www.numlog.fr\/wp-content\/uploads\/2021\/04\/logo_main.svg","contentUrl":"https:\/\/www.numlog.fr\/wp-content\/uploads\/2021\/04\/logo_main.svg","width":221,"height":55,"caption":"NUMLOG - Connectons vos donn\u00e9es"},"image":{"@id":"https:\/\/www.numlog.fr\/#\/schema\/logo\/image\/"},"sameAs":["https:\/\/www.linkedin.com\/company\/10993581\/admin\/feed\/posts\/"]}]}},"_links":{"self":[{"href":"https:\/\/www.numlog.fr\/en\/wp-json\/wp\/v2\/pages\/234"}],"collection":[{"href":"https:\/\/www.numlog.fr\/en\/wp-json\/wp\/v2\/pages"}],"about":[{"href":"https:\/\/www.numlog.fr\/en\/wp-json\/wp\/v2\/types\/page"}],"author":[{"embeddable":true,"href":"https:\/\/www.numlog.fr\/en\/wp-json\/wp\/v2\/users\/1"}],"replies":[{"embeddable":true,"href":"https:\/\/www.numlog.fr\/en\/wp-json\/wp\/v2\/comments?post=234"}],"version-history":[{"count":41,"href":"https:\/\/www.numlog.fr\/en\/wp-json\/wp\/v2\/pages\/234\/revisions"}],"predecessor-version":[{"id":8743,"href":"https:\/\/www.numlog.fr\/en\/wp-json\/wp\/v2\/pages\/234\/revisions\/8743"}],"wp:attachment":[{"href":"https:\/\/www.numlog.fr\/en\/wp-json\/wp\/v2\/media?parent=234"}],"curies":[{"name":"wp","href":"https:\/\/api.w.org\/{rel}","templated":true}]}}